{"id":2688,"date":"2025-09-09T13:30:16","date_gmt":"2025-09-09T13:30:16","guid":{"rendered":"https:\/\/letouring.fr\/deluxe-suite\/"},"modified":"2025-12-22T14:34:03","modified_gmt":"2025-12-22T14:34:03","slug":"deluxe-suite","status":"publish","type":"page","link":"https:\/\/letouring.fr\/en\/deluxe-suite\/","title":{"rendered":"Deluxe Suite"},"content":{"rendered":"\t\t<div data-elementor-type=\"wp-page\" data-elementor-id=\"2688\" class=\"elementor elementor-2688 elementor-927\" data-elementor-post-type=\"page\">\n\t\t\t\t<div class=\"elementor-element elementor-element-156742c e-con-full e-flex e-con e-parent\" data-id=\"156742c\" data-element_type=\"container\" data-e-type=\"container\" data-settings=\"{&quot;background_background&quot;:&quot;classic&quot;}\">\n\t\t<div class=\"elementor-element elementor-element-9d4e505 e-con-full e-flex e-con e-child\" data-id=\"9d4e505\" data-element_type=\"container\" data-e-type=\"container\">\n\t\t\t\t<div class=\"elementor-element elementor-element-4724048 elementor-widget elementor-widget-text-editor\" data-id=\"4724048\" data-element_type=\"widget\" data-e-type=\"widget\" data-widget_type=\"text-editor.default\">\n\t\t\t\t\t\t\t\t\t<p>44 m\u00b2 | 2 to 4 guests<\/p>\t\t\t\t\t\t\t\t<\/div>\n\t\t\t\t<\/div>\n\t\t<div class=\"elementor-element elementor-element-d39e2a4 e-con-full e-flex e-con e-child\" data-id=\"d39e2a4\" data-element_type=\"container\" data-e-type=\"container\">\n\t\t\t\t<div class=\"elementor-element elementor-element-5ecd611 elementor-widget elementor-widget-heading\" data-id=\"5ecd611\" data-element_type=\"widget\" data-e-type=\"widget\" data-widget_type=\"heading.default\">\n\t\t\t\t\t<h1 class=\"elementor-heading-title elementor-size-default\"><i>Deluxe<\/i> Suite<\/h1>\t\t\t\t<\/div>\n\t\t\t\t<div class=\"elementor-element elementor-element-677d46f elementor-widget elementor-widget-text-editor\" data-id=\"677d46f\" data-element_type=\"widget\" data-e-type=\"widget\" data-widget_type=\"text-editor.default\">\n\t\t\t\t\t\t\t\t\t<p>Heritage &amp; Signature<\/p>\t\t\t\t\t\t\t\t<\/div>\n\t\t\t\t<\/div>\n\t\t<div class=\"elementor-element elementor-element-9911092 e-con-full e-flex e-con e-child\" data-id=\"9911092\" data-element_type=\"container\" data-e-type=\"container\">\n\t\t\t\t<div class=\"elementor-element elementor-element-fd3c730 elementor-widget elementor-widget-heading\" data-id=\"fd3c730\" data-element_type=\"widget\" data-e-type=\"widget\" data-widget_type=\"heading.default\">\n\t\t\t\t\t<p class=\"elementor-heading-title elementor-size-default\">Discover<\/p>\t\t\t\t<\/div>\n\t\t\t\t<div class=\"elementor-element elementor-element-17e6c4e elementor-view-default elementor-widget elementor-widget-icon\" data-id=\"17e6c4e\" data-element_type=\"widget\" data-e-type=\"widget\" data-widget_type=\"icon.default\">\n\t\t\t\t\t\t\t<div class=\"elementor-icon-wrapper\">\n\t\t\t<div class=\"elementor-icon\">\n\t\t\t<svg xmlns=\"http:\/\/www.w3.org\/2000\/svg\" width=\"20\" height=\"11\" viewBox=\"0 0 20 11\" fill=\"none\"><path d=\"M0.5 0.5L10 10L19.5 0.5\" stroke=\"#F1F1F1\"><\/path><\/svg>\t\t\t<\/div>\n\t\t<\/div>\n\t\t\t\t\t\t<\/div>\n\t\t\t\t<\/div>\n\t\t\t\t<\/div>\n\t\t<div class=\"elementor-element elementor-element-c844ebb e-con-full e-flex e-con e-parent\" data-id=\"c844ebb\" data-element_type=\"container\" data-e-type=\"container\" data-settings=\"{&quot;background_background&quot;:&quot;classic&quot;}\">\n\t\t<div class=\"elementor-element elementor-element-094a475 e-con-full e-flex e-con e-child\" data-id=\"094a475\" data-element_type=\"container\" data-e-type=\"container\">\n\t\t<div class=\"elementor-element elementor-element-dbd7b63 e-con-full e-flex e-con e-child\" data-id=\"dbd7b63\" data-element_type=\"container\" data-e-type=\"container\">\n\t\t<div class=\"elementor-element elementor-element-9a0d129 e-con-full e-flex e-con e-child\" data-id=\"9a0d129\" data-element_type=\"container\" data-e-type=\"container\">\n\t\t\t\t<div class=\"elementor-element elementor-element-dcf9cd3 elementor-view-default elementor-widget elementor-widget-icon\" data-id=\"dcf9cd3\" data-element_type=\"widget\" data-e-type=\"widget\" data-widget_type=\"icon.default\">\n\t\t\t\t\t\t\t<div class=\"elementor-icon-wrapper\">\n\t\t\t<div class=\"elementor-icon\">\n\t\t\t<svg aria-hidden=\"true\" class=\"e-font-icon-svg e-fas-star\" viewBox=\"0 0 576 512\" xmlns=\"http:\/\/www.w3.org\/2000\/svg\"><path d=\"M259.3 17.8L194 150.2 47.9 171.5c-26.2 3.8-36.7 36.1-17.7 54.6l105.7 103-25 145.5c-4.5 26.3 23.2 46 46.4 33.7L288 439.6l130.7 68.7c23.2 12.2 50.9-7.4 46.4-33.7l-25-145.5 105.7-103c19-18.5 8.5-50.8-17.7-54.6L382 150.2 316.7 17.8c-11.7-23.6-45.6-23.9-57.4 0z\"><\/path><\/svg>\t\t\t<\/div>\n\t\t<\/div>\n\t\t\t\t\t\t<\/div>\n\t\t\t\t<div class=\"elementor-element elementor-element-cac3ff1 elementor-view-default elementor-widget elementor-widget-icon\" data-id=\"cac3ff1\" data-element_type=\"widget\" data-e-type=\"widget\" data-widget_type=\"icon.default\">\n\t\t\t\t\t\t\t<div class=\"elementor-icon-wrapper\">\n\t\t\t<div class=\"elementor-icon\">\n\t\t\t<svg aria-hidden=\"true\" class=\"e-font-icon-svg e-fas-star\" viewBox=\"0 0 576 512\" xmlns=\"http:\/\/www.w3.org\/2000\/svg\"><path d=\"M259.3 17.8L194 150.2 47.9 171.5c-26.2 3.8-36.7 36.1-17.7 54.6l105.7 103-25 145.5c-4.5 26.3 23.2 46 46.4 33.7L288 439.6l130.7 68.7c23.2 12.2 50.9-7.4 46.4-33.7l-25-145.5 105.7-103c19-18.5 8.5-50.8-17.7-54.6L382 150.2 316.7 17.8c-11.7-23.6-45.6-23.9-57.4 0z\"><\/path><\/svg>\t\t\t<\/div>\n\t\t<\/div>\n\t\t\t\t\t\t<\/div>\n\t\t\t\t<div class=\"elementor-element elementor-element-844dcf2 elementor-view-default elementor-widget elementor-widget-icon\" data-id=\"844dcf2\" data-element_type=\"widget\" data-e-type=\"widget\" data-widget_type=\"icon.default\">\n\t\t\t\t\t\t\t<div class=\"elementor-icon-wrapper\">\n\t\t\t<div class=\"elementor-icon\">\n\t\t\t<svg aria-hidden=\"true\" class=\"e-font-icon-svg e-fas-star\" viewBox=\"0 0 576 512\" xmlns=\"http:\/\/www.w3.org\/2000\/svg\"><path d=\"M259.3 17.8L194 150.2 47.9 171.5c-26.2 3.8-36.7 36.1-17.7 54.6l105.7 103-25 145.5c-4.5 26.3 23.2 46 46.4 33.7L288 439.6l130.7 68.7c23.2 12.2 50.9-7.4 46.4-33.7l-25-145.5 105.7-103c19-18.5 8.5-50.8-17.7-54.6L382 150.2 316.7 17.8c-11.7-23.6-45.6-23.9-57.4 0z\"><\/path><\/svg>\t\t\t<\/div>\n\t\t<\/div>\n\t\t\t\t\t\t<\/div>\n\t\t\t\t<div class=\"elementor-element elementor-element-a93b8dc elementor-view-default elementor-widget elementor-widget-icon\" data-id=\"a93b8dc\" data-element_type=\"widget\" data-e-type=\"widget\" data-widget_type=\"icon.default\">\n\t\t\t\t\t\t\t<div class=\"elementor-icon-wrapper\">\n\t\t\t<div class=\"elementor-icon\">\n\t\t\t<svg aria-hidden=\"true\" class=\"e-font-icon-svg e-fas-star\" viewBox=\"0 0 576 512\" xmlns=\"http:\/\/www.w3.org\/2000\/svg\"><path d=\"M259.3 17.8L194 150.2 47.9 171.5c-26.2 3.8-36.7 36.1-17.7 54.6l105.7 103-25 145.5c-4.5 26.3 23.2 46 46.4 33.7L288 439.6l130.7 68.7c23.2 12.2 50.9-7.4 46.4-33.7l-25-145.5 105.7-103c19-18.5 8.5-50.8-17.7-54.6L382 150.2 316.7 17.8c-11.7-23.6-45.6-23.9-57.4 0z\"><\/path><\/svg>\t\t\t<\/div>\n\t\t<\/div>\n\t\t\t\t\t\t<\/div>\n\t\t\t\t<\/div>\n\t\t\t\t<\/div>\n\t\t<div class=\"elementor-element elementor-element-cebc97c e-con-full e-flex e-con e-child\" data-id=\"cebc97c\" data-element_type=\"container\" data-e-type=\"container\">\n\t\t\t\t<div class=\"elementor-element elementor-element-6b725c1 elementor-widget elementor-widget-heading\" data-id=\"6b725c1\" data-element_type=\"widget\" data-e-type=\"widget\" data-widget_type=\"heading.default\">\n\t\t\t\t\t<p class=\"elementor-heading-title elementor-size-default\">Elegance in every detail<\/p>\t\t\t\t<\/div>\n\t\t\t\t<div class=\"elementor-element elementor-element-1b67910 elementor-widget elementor-widget-text-editor\" data-id=\"1b67910\" data-element_type=\"widget\" data-e-type=\"widget\" data-widget_type=\"text-editor.default\">\n\t\t\t\t\t\t\t\t\t<p>Nestled on the top floor of the Touring, the Deluxe Fitzgerald Suite embodies the pinnacle of Art Deco style, with a chic, modern, and luminous ambiance. Its 44 m\u00b2 of light-filled space invites relaxation, amidst clean lines, noble materials, and subtle golden touches.<\/p><p>With its breathtaking sea view, this hotel suite becomes a privileged sanctuary to experience Saint-Rapha\u00ebl differently. Relaxation in complete privacy, strolling through the charming streets of the city center, a wellness break at the Relaxation Area, or a seaside stroll to the Est\u00e9rel mountains. As evening falls, a dinner at Nami perfects this Riviera getaway with elegance and serenity.<\/p><p>A timeless stay, to be enjoyed to the fullest.<\/p>\t\t\t\t\t\t\t\t<\/div>\n\t\t\t\t<\/div>\n\t\t<div class=\"elementor-element elementor-element-3120bc3 e-con-full e-flex e-con e-child\" data-id=\"3120bc3\" data-element_type=\"container\" data-e-type=\"container\">\n\t\t\t\t<div class=\"elementor-element elementor-element-3790eb1 elementor-align-justify elementor-widget elementor-widget-button\" data-id=\"3790eb1\" data-element_type=\"widget\" data-e-type=\"widget\" data-widget_type=\"button.default\">\n\t\t\t\t\t\t\t\t\t\t<a class=\"elementor-button elementor-button-link elementor-size-sm\" href=\"https:\/\/letouring.fr\/en\/deluxe-suite\/?namastay=true&#038;adult=2&#038;child=0&#038;roomId=125376&#038;currency=EUR\">\n\t\t\t\t\t\t<span class=\"elementor-button-content-wrapper\">\n\t\t\t\t\t\t\t\t\t<span class=\"elementor-button-text\">Book a room<\/span>\n\t\t\t\t\t<\/span>\n\t\t\t\t\t<\/a>\n\t\t\t\t\t\t\t\t<\/div>\n\t\t\t\t<\/div>\n\t\t\t\t<\/div>\n\t\t\t\t<\/div>\n\t\t<div class=\"elementor-element elementor-element-7129cd6 e-con-full e-flex e-con e-parent\" data-id=\"7129cd6\" data-element_type=\"container\" data-e-type=\"container\" data-settings=\"{&quot;background_background&quot;:&quot;classic&quot;}\">\n\t\t<div class=\"elementor-element elementor-element-bd0470c e-con-full e-flex e-con e-child\" data-id=\"bd0470c\" data-element_type=\"container\" data-e-type=\"container\" data-settings=\"{&quot;background_background&quot;:&quot;classic&quot;}\">\n\t\t<div class=\"elementor-element elementor-element-8e06346 e-con-full e-flex e-con e-child\" data-id=\"8e06346\" data-element_type=\"container\" data-e-type=\"container\" data-settings=\"{&quot;background_background&quot;:&quot;classic&quot;}\">\n\t\t\t\t<\/div>\n\t\t<div class=\"elementor-element elementor-element-1235a5e e-con-full e-flex e-con e-child\" data-id=\"1235a5e\" data-element_type=\"container\" data-e-type=\"container\" data-settings=\"{&quot;background_background&quot;:&quot;classic&quot;}\">\n\t\t\t\t<\/div>\n\t\t\t\t<\/div>\n\t\t<div class=\"elementor-element elementor-element-ad769c5 e-con-full e-flex e-con e-child\" data-id=\"ad769c5\" data-element_type=\"container\" data-e-type=\"container\">\n\t\t<div class=\"elementor-element elementor-element-a7f6176 e-con-full e-flex e-con e-child\" data-id=\"a7f6176\" data-element_type=\"container\" data-e-type=\"container\" data-settings=\"{&quot;background_background&quot;:&quot;classic&quot;}\">\n\t\t\t\t<\/div>\n\t\t<div class=\"elementor-element elementor-element-080e555 e-con-full e-flex e-con e-child\" data-id=\"080e555\" data-element_type=\"container\" data-e-type=\"container\" data-settings=\"{&quot;background_background&quot;:&quot;classic&quot;}\">\n\t\t\t\t<\/div>\n\t\t\t\t<\/div>\n\t\t\t\t<\/div>\n\t\t<div class=\"elementor-element elementor-element-7844600 e-con-full e-flex e-con e-parent\" data-id=\"7844600\" data-element_type=\"container\" data-e-type=\"container\" data-settings=\"{&quot;background_background&quot;:&quot;classic&quot;}\">\n\t\t<div class=\"elementor-element elementor-element-dfaad73 e-con-full e-flex e-con e-child\" data-id=\"dfaad73\" data-element_type=\"container\" data-e-type=\"container\">\n\t\t<div class=\"elementor-element elementor-element-55a665e e-flex e-con-boxed e-con e-child\" data-id=\"55a665e\" data-element_type=\"container\" data-e-type=\"container\">\n\t\t\t\t\t<div class=\"e-con-inner\">\n\t\t\t\t<div class=\"elementor-element elementor-element-526b87b elementor-widget elementor-widget-heading\" data-id=\"526b87b\" data-element_type=\"widget\" data-e-type=\"widget\" data-widget_type=\"heading.default\">\n\t\t\t\t\t<h3 class=\"elementor-heading-title elementor-size-default\">Ultimate charm,<\/h3>\t\t\t\t<\/div>\n\t\t<div class=\"elementor-element elementor-element-db9cc9b e-con-full e-flex e-con e-child\" data-id=\"db9cc9b\" data-element_type=\"container\" data-e-type=\"container\">\n\t\t\t\t<div class=\"elementor-element elementor-element-e243fad elementor-widget elementor-widget-heading\" data-id=\"e243fad\" data-element_type=\"widget\" data-e-type=\"widget\" data-widget_type=\"heading.default\">\n\t\t\t\t\t<h3 class=\"elementor-heading-title elementor-size-default\">exceptional moments<\/h3>\t\t\t\t<\/div>\n\t\t\t\t<\/div>\n\t\t\t\t\t<\/div>\n\t\t\t\t<\/div>\n\t\t\t\t<\/div>\n\t\t\t\t<\/div>\n\t\t<div class=\"elementor-element elementor-element-3c6f031 e-con-full e-flex e-con e-parent\" data-id=\"3c6f031\" data-element_type=\"container\" data-e-type=\"container\" data-settings=\"{&quot;background_background&quot;:&quot;classic&quot;}\">\n\t\t<div class=\"elementor-element elementor-element-46faed5 e-con-full e-flex e-con e-child\" data-id=\"46faed5\" data-element_type=\"container\" data-e-type=\"container\">\n\t\t<div class=\"elementor-element elementor-element-5cf54c4 e-con-full e-flex e-con e-child\" data-id=\"5cf54c4\" data-element_type=\"container\" data-e-type=\"container\">\n\t\t\t\t<div class=\"elementor-element elementor-element-559e7a9 elementor-widget elementor-widget-text-editor\" data-id=\"559e7a9\" data-element_type=\"widget\" data-e-type=\"widget\" data-widget_type=\"text-editor.default\">\n\t\t\t\t\t\t\t\t\t<p>Exceptional services, for unforgettable moments<\/p>\t\t\t\t\t\t\t\t<\/div>\n\t\t\t\t<div class=\"elementor-element elementor-element-1aa9682 elementor-widget elementor-widget-text-editor\" data-id=\"1aa9682\" data-element_type=\"widget\" data-e-type=\"widget\" data-widget_type=\"text-editor.default\">\n\t\t\t\t\t\t\t\t\t<ul><li>Sea view<\/li><li>Bed: 180 x 200 cm or 2 x 90 x 200 cm <\/li><li>Bathroom with shower and bathtub<\/li><li>Kos Paris products<\/li><li>Reversible air conditioning<\/li><li>Wi-Fi<\/li><li>Coffee machine <\/li><li>Kettle<\/li><li>Bluetooth alarm clock speaker<\/li><li>Television<\/li><li>Minibar <\/li><li>Safe<\/li><li>Desk<\/li><li>Dressing room with storage<\/li><\/ul>\t\t\t\t\t\t\t\t<\/div>\n\t\t\t\t<\/div>\n\t\t<div class=\"elementor-element elementor-element-8b8cdd8 e-con-full e-flex e-con e-child\" data-id=\"8b8cdd8\" data-element_type=\"container\" data-e-type=\"container\">\n\t\t\t\t<div class=\"elementor-element elementor-element-672213e namastay-widget-button elementor-widget elementor-widget-button\" data-id=\"672213e\" data-element_type=\"widget\" data-e-type=\"widget\" data-widget_type=\"button.default\">\n\t\t\t\t\t\t\t\t\t\t<a class=\"elementor-button elementor-button-link elementor-size-sm\" href=\"#\">\n\t\t\t\t\t\t<span class=\"elementor-button-content-wrapper\">\n\t\t\t\t\t\t<span class=\"elementor-button-icon\">\n\t\t\t\t<svg xmlns=\"http:\/\/www.w3.org\/2000\/svg\" id=\"Calque_2\" viewBox=\"0 0 8 8\"><g id=\"Calque_1-2\"><polygon points=\"6.9 .4 6.9 6.1 .8 0 0 .8 6.1 6.9 .4 6.9 .4 8 8 8 8 .4 6.9 .4\"><\/polygon><\/g><\/svg>\t\t\t<\/span>\n\t\t\t\t\t\t\t\t\t<span class=\"elementor-button-text\">Book your stay<\/span>\n\t\t\t\t\t<\/span>\n\t\t\t\t\t<\/a>\n\t\t\t\t\t\t\t\t<\/div>\n\t\t\t\t<\/div>\n\t\t<div class=\"elementor-element elementor-element-950b36f e-con-full elementor-hidden-tablet elementor-hidden-mobile e-flex e-con e-child\" data-id=\"950b36f\" data-element_type=\"container\" data-e-type=\"container\">\n\t\t\t\t<div class=\"elementor-element elementor-element-4a69d17 elementor-widget elementor-widget-image\" data-id=\"4a69d17\" data-element_type=\"widget\" data-e-type=\"widget\" data-widget_type=\"image.default\">\n\t\t\t\t\t\t\t\t\t\t\t\t\t\t\t<img fetchpriority=\"high\" decoding=\"async\" width=\"1920\" height=\"1080\" src=\"https:\/\/letouring.fr\/wp-content\/uploads\/2025\/11\/3.jpg\" class=\"attachment-full size-full wp-image-2700\" alt=\"\" srcset=\"https:\/\/letouring.fr\/wp-content\/uploads\/2025\/11\/3.jpg 1920w, https:\/\/letouring.fr\/wp-content\/uploads\/2025\/11\/3-300x169.jpg 300w, https:\/\/letouring.fr\/wp-content\/uploads\/2025\/11\/3-1024x576.jpg 1024w, https:\/\/letouring.fr\/wp-content\/uploads\/2025\/11\/3-768x432.jpg 768w, https:\/\/letouring.fr\/wp-content\/uploads\/2025\/11\/3-1536x864.jpg 1536w, https:\/\/letouring.fr\/wp-content\/uploads\/2025\/11\/3-1320x743.jpg 1320w\" sizes=\"(max-width: 1920px) 100vw, 1920px\" \/>\t\t\t\t\t\t\t\t\t\t\t\t\t\t\t<\/div>\n\t\t\t\t<\/div>\n\t\t\t\t<\/div>\n\t\t<div class=\"elementor-element elementor-element-19abb98 e-con-full e-flex e-con e-child\" data-id=\"19abb98\" data-element_type=\"container\" data-e-type=\"container\" data-settings=\"{&quot;background_background&quot;:&quot;classic&quot;}\">\n\t\t\t\t<\/div>\n\t\t\t\t<\/div>\n\t\t<div class=\"elementor-element elementor-element-3c2744a e-flex e-con-boxed e-con e-parent\" data-id=\"3c2744a\" data-element_type=\"container\" data-e-type=\"container\" data-settings=\"{&quot;background_background&quot;:&quot;classic&quot;}\">\n\t\t\t\t\t<div class=\"e-con-inner\">\n\t\t<div class=\"elementor-element elementor-element-4008b30 e-con-full e-flex e-con e-child\" data-id=\"4008b30\" data-element_type=\"container\" data-e-type=\"container\">\n\t\t\t\t<div class=\"elementor-element elementor-element-092f38c elementor-widget elementor-widget-heading\" data-id=\"092f38c\" data-element_type=\"widget\" data-e-type=\"widget\" data-widget_type=\"heading.default\">\n\t\t\t\t\t<h2 class=\"elementor-heading-title elementor-size-default\"><i>Deluxe<\/i> Suite<\/h2>\t\t\t\t<\/div>\n\t\t\t\t<div class=\"elementor-element elementor-element-04c0ba9 elementor-widget elementor-widget-text-editor\" data-id=\"04c0ba9\" data-element_type=\"widget\" data-e-type=\"widget\" data-widget_type=\"text-editor.default\">\n\t\t\t\t\t\t\t\t\t<p>Heritage &amp; Signature<\/p>\t\t\t\t\t\t\t\t<\/div>\n\t\t\t\t<\/div>\n\t\t<div class=\"elementor-element elementor-element-3dabe26 e-con-full e-flex e-con e-child\" data-id=\"3dabe26\" data-element_type=\"container\" data-e-type=\"container\">\n\t\t\t\t<div class=\"elementor-element elementor-element-0921777 elementor-mobile-align-justify namastay-widget-button elementor-widget elementor-widget-button\" data-id=\"0921777\" data-element_type=\"widget\" data-e-type=\"widget\" data-widget_type=\"button.default\">\n\t\t\t\t\t\t\t\t\t\t<a class=\"elementor-button elementor-button-link elementor-size-sm\" href=\"#\">\n\t\t\t\t\t\t<span class=\"elementor-button-content-wrapper\">\n\t\t\t\t\t\t\t\t\t<span class=\"elementor-button-text\">Book your stay<\/span>\n\t\t\t\t\t<\/span>\n\t\t\t\t\t<\/a>\n\t\t\t\t\t\t\t\t<\/div>\n\t\t\t\t<\/div>\n\t\t\t\t\t<\/div>\n\t\t\t\t<\/div>\n\t\t\t\t<\/div>\n\t\t","protected":false},"excerpt":{"rendered":"<p>44 m\u00b2 | 2 to 4 guests Deluxe Suite Heritage &amp; Signature Discover Elegance in every detail Nestled on the top floor of the Touring, the Deluxe Fitzgerald Suite embodies the pinnacle of Art Deco style, with a chic, modern, and luminous ambiance. Its 44 m\u00b2 of light-filled space invites relaxation, amidst clean lines, noble [&hellip;]<\/p>\n","protected":false},"author":4,"featured_media":0,"parent":0,"menu_order":0,"comment_status":"closed","ping_status":"closed","template":"","meta":{"footnotes":""},"class_list":["post-2688","page","type-page","status-publish","hentry"],"yoast_head":"<!-- This site is optimized with the Yoast SEO plugin v27.4 - https:\/\/yoast.com\/product\/yoast-seo-wordpress\/ -->\n<title>Suite with Sea View | Touring Hotel Saint-Rapha\u00ebl<\/title>\n<meta name=\"description\" content=\"Indulge in the experience of a hotel suite in Saint-Rapha\u00ebl: the Touring&#039;s Deluxe Suite combines refined design with breathtaking sea views.\" \/>\n<meta name=\"robots\" content=\"index, follow, max-snippet:-1, max-image-preview:large, max-video-preview:-1\" \/>\n<link rel=\"canonical\" href=\"https:\/\/letouring.fr\/en\/deluxe-suite\/\" \/>\n<meta property=\"og:locale\" content=\"en_US\" \/>\n<meta property=\"og:type\" content=\"article\" \/>\n<meta property=\"og:title\" content=\"Suite with Sea View | Touring Hotel Saint-Rapha\u00ebl\" \/>\n<meta property=\"og:description\" content=\"Indulge in the experience of a hotel suite in Saint-Rapha\u00ebl: the Touring&#039;s Deluxe Suite combines refined design with breathtaking sea views.\" \/>\n<meta property=\"og:url\" content=\"https:\/\/letouring.fr\/en\/deluxe-suite\/\" \/>\n<meta property=\"og:site_name\" content=\"Le Touring Saint-Rapha\u00ebl\" \/>\n<meta property=\"article:modified_time\" content=\"2025-12-22T14:34:03+00:00\" \/>\n<meta property=\"og:image\" content=\"https:\/\/letouring.fr\/wp-content\/uploads\/2025\/11\/3.jpg\" \/>\n\t<meta property=\"og:image:width\" content=\"1920\" \/>\n\t<meta property=\"og:image:height\" content=\"1080\" \/>\n\t<meta property=\"og:image:type\" content=\"image\/jpeg\" \/>\n<meta name=\"twitter:card\" content=\"summary_large_image\" \/>\n<meta name=\"twitter:label1\" content=\"Est. reading time\" \/>\n\t<meta name=\"twitter:data1\" content=\"1 minute\" \/>\n<script type=\"application\/ld+json\" class=\"yoast-schema-graph\">{\"@context\":\"https:\\\/\\\/schema.org\",\"@graph\":[{\"@type\":\"WebPage\",\"@id\":\"https:\\\/\\\/letouring.fr\\\/en\\\/deluxe-suite\\\/\",\"url\":\"https:\\\/\\\/letouring.fr\\\/en\\\/deluxe-suite\\\/\",\"name\":\"Suite with Sea View | Touring Hotel Saint-Rapha\u00ebl\",\"isPartOf\":{\"@id\":\"https:\\\/\\\/letouring.fr\\\/en\\\/#website\"},\"primaryImageOfPage\":{\"@id\":\"https:\\\/\\\/letouring.fr\\\/en\\\/deluxe-suite\\\/#primaryimage\"},\"image\":{\"@id\":\"https:\\\/\\\/letouring.fr\\\/en\\\/deluxe-suite\\\/#primaryimage\"},\"thumbnailUrl\":\"https:\\\/\\\/letouring.fr\\\/wp-content\\\/uploads\\\/2025\\\/11\\\/3.jpg\",\"datePublished\":\"2025-09-09T13:30:16+00:00\",\"dateModified\":\"2025-12-22T14:34:03+00:00\",\"description\":\"Indulge in the experience of a hotel suite in Saint-Rapha\u00ebl: the Touring's Deluxe Suite combines refined design with breathtaking sea views.\",\"breadcrumb\":{\"@id\":\"https:\\\/\\\/letouring.fr\\\/en\\\/deluxe-suite\\\/#breadcrumb\"},\"inLanguage\":\"en-US\",\"potentialAction\":[{\"@type\":\"ReadAction\",\"target\":[\"https:\\\/\\\/letouring.fr\\\/en\\\/deluxe-suite\\\/\"]}]},{\"@type\":\"ImageObject\",\"inLanguage\":\"en-US\",\"@id\":\"https:\\\/\\\/letouring.fr\\\/en\\\/deluxe-suite\\\/#primaryimage\",\"url\":\"https:\\\/\\\/letouring.fr\\\/wp-content\\\/uploads\\\/2025\\\/11\\\/3.jpg\",\"contentUrl\":\"https:\\\/\\\/letouring.fr\\\/wp-content\\\/uploads\\\/2025\\\/11\\\/3.jpg\"},{\"@type\":\"BreadcrumbList\",\"@id\":\"https:\\\/\\\/letouring.fr\\\/en\\\/deluxe-suite\\\/#breadcrumb\",\"itemListElement\":[{\"@type\":\"ListItem\",\"position\":1,\"name\":\"Accueil\",\"item\":\"https:\\\/\\\/letouring.fr\\\/en\\\/\"},{\"@type\":\"ListItem\",\"position\":2,\"name\":\"Deluxe Suite\"}]},{\"@type\":\"WebSite\",\"@id\":\"https:\\\/\\\/letouring.fr\\\/en\\\/#website\",\"url\":\"https:\\\/\\\/letouring.fr\\\/en\\\/\",\"name\":\"Le Touring Saint-Rapha\u00ebl\",\"description\":\"Boutique-H\u00f4tel iconique \u00e0 Saint-Rapha\u00ebl depuis 1900\",\"potentialAction\":[{\"@type\":\"SearchAction\",\"target\":{\"@type\":\"EntryPoint\",\"urlTemplate\":\"https:\\\/\\\/letouring.fr\\\/en\\\/?s={search_term_string}\"},\"query-input\":{\"@type\":\"PropertyValueSpecification\",\"valueRequired\":true,\"valueName\":\"search_term_string\"}}],\"inLanguage\":\"en-US\"}]}<\/script>\n<!-- \/ Yoast SEO plugin. -->","yoast_head_json":{"title":"Suite with Sea View | Touring Hotel Saint-Rapha\u00ebl","description":"Indulge in the experience of a hotel suite in Saint-Rapha\u00ebl: the Touring's Deluxe Suite combines refined design with breathtaking sea views.","robots":{"index":"index","follow":"follow","max-snippet":"max-snippet:-1","max-image-preview":"max-image-preview:large","max-video-preview":"max-video-preview:-1"},"canonical":"https:\/\/letouring.fr\/en\/deluxe-suite\/","og_locale":"en_US","og_type":"article","og_title":"Suite with Sea View | Touring Hotel Saint-Rapha\u00ebl","og_description":"Indulge in the experience of a hotel suite in Saint-Rapha\u00ebl: the Touring's Deluxe Suite combines refined design with breathtaking sea views.","og_url":"https:\/\/letouring.fr\/en\/deluxe-suite\/","og_site_name":"Le Touring Saint-Rapha\u00ebl","article_modified_time":"2025-12-22T14:34:03+00:00","og_image":[{"width":1920,"height":1080,"url":"https:\/\/letouring.fr\/wp-content\/uploads\/2025\/11\/3.jpg","type":"image\/jpeg"}],"twitter_card":"summary_large_image","twitter_misc":{"Est. reading time":"1 minute"},"schema":{"@context":"https:\/\/schema.org","@graph":[{"@type":"WebPage","@id":"https:\/\/letouring.fr\/en\/deluxe-suite\/","url":"https:\/\/letouring.fr\/en\/deluxe-suite\/","name":"Suite with Sea View | Touring Hotel Saint-Rapha\u00ebl","isPartOf":{"@id":"https:\/\/letouring.fr\/en\/#website"},"primaryImageOfPage":{"@id":"https:\/\/letouring.fr\/en\/deluxe-suite\/#primaryimage"},"image":{"@id":"https:\/\/letouring.fr\/en\/deluxe-suite\/#primaryimage"},"thumbnailUrl":"https:\/\/letouring.fr\/wp-content\/uploads\/2025\/11\/3.jpg","datePublished":"2025-09-09T13:30:16+00:00","dateModified":"2025-12-22T14:34:03+00:00","description":"Indulge in the experience of a hotel suite in Saint-Rapha\u00ebl: the Touring's Deluxe Suite combines refined design with breathtaking sea views.","breadcrumb":{"@id":"https:\/\/letouring.fr\/en\/deluxe-suite\/#breadcrumb"},"inLanguage":"en-US","potentialAction":[{"@type":"ReadAction","target":["https:\/\/letouring.fr\/en\/deluxe-suite\/"]}]},{"@type":"ImageObject","inLanguage":"en-US","@id":"https:\/\/letouring.fr\/en\/deluxe-suite\/#primaryimage","url":"https:\/\/letouring.fr\/wp-content\/uploads\/2025\/11\/3.jpg","contentUrl":"https:\/\/letouring.fr\/wp-content\/uploads\/2025\/11\/3.jpg"},{"@type":"BreadcrumbList","@id":"https:\/\/letouring.fr\/en\/deluxe-suite\/#breadcrumb","itemListElement":[{"@type":"ListItem","position":1,"name":"Accueil","item":"https:\/\/letouring.fr\/en\/"},{"@type":"ListItem","position":2,"name":"Deluxe Suite"}]},{"@type":"WebSite","@id":"https:\/\/letouring.fr\/en\/#website","url":"https:\/\/letouring.fr\/en\/","name":"Le Touring Saint-Rapha\u00ebl","description":"Boutique-H\u00f4tel iconique \u00e0 Saint-Rapha\u00ebl depuis 1900","potentialAction":[{"@type":"SearchAction","target":{"@type":"EntryPoint","urlTemplate":"https:\/\/letouring.fr\/en\/?s={search_term_string}"},"query-input":{"@type":"PropertyValueSpecification","valueRequired":true,"valueName":"search_term_string"}}],"inLanguage":"en-US"}]}},"_links":{"self":[{"href":"https:\/\/letouring.fr\/en\/wp-json\/wp\/v2\/pages\/2688","targetHints":{"allow":["GET"]}}],"collection":[{"href":"https:\/\/letouring.fr\/en\/wp-json\/wp\/v2\/pages"}],"about":[{"href":"https:\/\/letouring.fr\/en\/wp-json\/wp\/v2\/types\/page"}],"author":[{"embeddable":true,"href":"https:\/\/letouring.fr\/en\/wp-json\/wp\/v2\/users\/4"}],"replies":[{"embeddable":true,"href":"https:\/\/letouring.fr\/en\/wp-json\/wp\/v2\/comments?post=2688"}],"version-history":[{"count":4,"href":"https:\/\/letouring.fr\/en\/wp-json\/wp\/v2\/pages\/2688\/revisions"}],"predecessor-version":[{"id":2708,"href":"https:\/\/letouring.fr\/en\/wp-json\/wp\/v2\/pages\/2688\/revisions\/2708"}],"wp:attachment":[{"href":"https:\/\/letouring.fr\/en\/wp-json\/wp\/v2\/media?parent=2688"}],"curies":[{"name":"wp","href":"https:\/\/api.w.org\/{rel}","templated":true}]}}