{"id":2654,"date":"2025-08-18T13:55:07","date_gmt":"2025-08-18T13:55:07","guid":{"rendered":"https:\/\/letouring.fr\/restaurants\/"},"modified":"2025-12-22T14:32:15","modified_gmt":"2025-12-22T14:32:15","slug":"restaurants","status":"publish","type":"page","link":"https:\/\/letouring.fr\/en\/restaurants\/","title":{"rendered":"Restaurants"},"content":{"rendered":"\t\t<div data-elementor-type=\"wp-page\" data-elementor-id=\"2654\" class=\"elementor elementor-2654 elementor-234\" data-elementor-post-type=\"page\">\n\t\t\t\t<div class=\"elementor-element elementor-element-54ec024 elementor-hidden-desktop e-flex e-con-boxed e-con e-parent\" data-id=\"54ec024\" data-element_type=\"container\" data-e-type=\"container\" data-settings=\"{&quot;background_background&quot;:&quot;classic&quot;}\">\n\t\t\t\t\t<div class=\"e-con-inner\">\n\t\t\t\t<div class=\"elementor-element elementor-element-28fc293 elementor-widget elementor-widget-heading\" data-id=\"28fc293\" data-element_type=\"widget\" data-e-type=\"widget\" data-widget_type=\"heading.default\">\n\t\t\t\t\t<h2 class=\"elementor-heading-title elementor-size-default\">Our Restaurants<\/h2>\t\t\t\t<\/div>\n\t\t\t\t<div class=\"elementor-element elementor-element-dac0a39 elementor-widget elementor-widget-text-editor\" data-id=\"dac0a39\" data-element_type=\"widget\" data-e-type=\"widget\" data-widget_type=\"text-editor.default\">\n\t\t\t\t\t\t\t\t\t<p>Choose Your Ambiance<\/p>\t\t\t\t\t\t\t\t<\/div>\n\t\t\t\t\t<\/div>\n\t\t\t\t<\/div>\n\t\t<div class=\"elementor-element elementor-element-7cc1695 e-con-full e-flex e-con e-parent\" data-id=\"7cc1695\" data-element_type=\"container\" data-e-type=\"container\">\n\t\t<div class=\"elementor-element elementor-element-6c2f38c e-con-full cards-wrapper elementor-hidden-tablet elementor-hidden-mobile e-flex e-con e-child\" data-id=\"6c2f38c\" data-element_type=\"container\" data-e-type=\"container\">\n\t\t<div class=\"elementor-element elementor-element-38ecef6 e-con-full e-flex e-con e-child\" data-id=\"38ecef6\" data-element_type=\"container\" data-e-type=\"container\" id=\"card-touring\" data-settings=\"{&quot;background_background&quot;:&quot;classic&quot;}\">\n\t\t<div class=\"elementor-element elementor-element-ea88b37 e-con-full center-content e-flex e-con e-child\" data-id=\"ea88b37\" data-element_type=\"container\" data-e-type=\"container\">\n\t\t\t\t<div class=\"elementor-element elementor-element-de849a1 logo-nami elementor-widget elementor-widget-image\" data-id=\"de849a1\" data-element_type=\"widget\" data-e-type=\"widget\" data-widget_type=\"image.default\">\n\t\t\t\t\t\t\t\t\t\t\t\t\t\t\t<img fetchpriority=\"high\" decoding=\"async\" width=\"848\" height=\"696\" src=\"https:\/\/letouring.fr\/wp-content\/uploads\/2025\/08\/NAMI-VAL-2-1.png\" class=\"attachment-full size-full wp-image-2620\" alt=\"\" srcset=\"https:\/\/letouring.fr\/wp-content\/uploads\/2025\/08\/NAMI-VAL-2-1.png 848w, https:\/\/letouring.fr\/wp-content\/uploads\/2025\/08\/NAMI-VAL-2-1-300x246.png 300w, https:\/\/letouring.fr\/wp-content\/uploads\/2025\/08\/NAMI-VAL-2-1-768x630.png 768w\" sizes=\"(max-width: 848px) 100vw, 848px\" \/>\t\t\t\t\t\t\t\t\t\t\t\t\t\t\t<\/div>\n\t\t\t\t<div class=\"elementor-element elementor-element-7925d49 subtitle elementor-widget elementor-widget-heading\" data-id=\"7925d49\" data-element_type=\"widget\" data-e-type=\"widget\" data-widget_type=\"heading.default\">\n\t\t\t\t\t<h2 class=\"elementor-heading-title elementor-size-default\">JAPANESE CUISINE &amp; SUSHI BAR<\/h2>\t\t\t\t<\/div>\n\t\t\t\t<\/div>\n\t\t<div class=\"elementor-element elementor-element-81f6fc4 e-con-full cta-wrap e-flex e-con e-child\" data-id=\"81f6fc4\" data-element_type=\"container\" data-e-type=\"container\" data-settings=\"{&quot;position&quot;:&quot;absolute&quot;}\">\n\t\t\t\t<div class=\"elementor-element elementor-element-f150ea1 elementor-align-justify elementor-widget elementor-widget-button\" data-id=\"f150ea1\" data-element_type=\"widget\" data-e-type=\"widget\" data-widget_type=\"button.default\">\n\t\t\t\t\t\t\t\t\t\t<a class=\"elementor-button elementor-button-link elementor-size-sm\" href=\"https:\/\/bookings.zenchef.com\/results?rid=361180&#038;pid=1001\">\n\t\t\t\t\t\t<span class=\"elementor-button-content-wrapper\">\n\t\t\t\t\t\t\t\t\t<span class=\"elementor-button-text\">BOOK NOW<\/span>\n\t\t\t\t\t<\/span>\n\t\t\t\t\t<\/a>\n\t\t\t\t\t\t\t\t<\/div>\n\t\t\t\t<div class=\"elementor-element elementor-element-127b20c elementor-align-justify elementor-widget elementor-widget-button\" data-id=\"127b20c\" data-element_type=\"widget\" data-e-type=\"widget\" data-widget_type=\"button.default\">\n\t\t\t\t\t\t\t\t\t\t<a class=\"elementor-button elementor-button-link elementor-size-sm\" href=\"https:\/\/letouring.fr\/en\/nami\/\">\n\t\t\t\t\t\t<span class=\"elementor-button-content-wrapper\">\n\t\t\t\t\t\t\t\t\t<span class=\"elementor-button-text\">EXPLORE<\/span>\n\t\t\t\t\t<\/span>\n\t\t\t\t\t<\/a>\n\t\t\t\t\t\t\t\t<\/div>\n\t\t\t\t<\/div>\n\t\t\t\t<\/div>\n\t\t<div class=\"elementor-element elementor-element-8ff0fed e-con-full e-flex e-con e-child\" data-id=\"8ff0fed\" data-element_type=\"container\" data-e-type=\"container\" id=\"card-touring\" data-settings=\"{&quot;background_background&quot;:&quot;classic&quot;}\">\n\t\t<div class=\"elementor-element elementor-element-ff9abac e-con-full center-content e-flex e-con e-child\" data-id=\"ff9abac\" data-element_type=\"container\" data-e-type=\"container\">\n\t\t\t\t<div class=\"elementor-element elementor-element-ee28013 logo-nami elementor-widget elementor-widget-image\" data-id=\"ee28013\" data-element_type=\"widget\" data-e-type=\"widget\" data-widget_type=\"image.default\">\n\t\t\t\t\t\t\t\t\t\t\t\t\t\t\t<img decoding=\"async\" width=\"872\" height=\"600\" src=\"https:\/\/letouring.fr\/wp-content\/uploads\/2025\/08\/TOURING-VAL-2-2.png\" class=\"attachment-full size-full wp-image-2505\" alt=\"\" srcset=\"https:\/\/letouring.fr\/wp-content\/uploads\/2025\/08\/TOURING-VAL-2-2.png 872w, https:\/\/letouring.fr\/wp-content\/uploads\/2025\/08\/TOURING-VAL-2-2-300x206.png 300w, https:\/\/letouring.fr\/wp-content\/uploads\/2025\/08\/TOURING-VAL-2-2-768x528.png 768w\" sizes=\"(max-width: 872px) 100vw, 872px\" \/>\t\t\t\t\t\t\t\t\t\t\t\t\t\t\t<\/div>\n\t\t\t\t<div class=\"elementor-element elementor-element-4b0d22b subtitle elementor-widget elementor-widget-heading\" data-id=\"4b0d22b\" data-element_type=\"widget\" data-e-type=\"widget\" data-widget_type=\"heading.default\">\n\t\t\t\t\t<h2 class=\"elementor-heading-title elementor-size-default\">TRADITIONAL FRENCH CUISINE<\/h2>\t\t\t\t<\/div>\n\t\t\t\t<\/div>\n\t\t<div class=\"elementor-element elementor-element-78d17bb e-con-full cta-wrap e-flex e-con e-child\" data-id=\"78d17bb\" data-element_type=\"container\" data-e-type=\"container\" data-settings=\"{&quot;position&quot;:&quot;absolute&quot;}\">\n\t\t\t\t<div class=\"elementor-element elementor-element-a9f08b3 elementor-align-justify elementor-widget elementor-widget-button\" data-id=\"a9f08b3\" data-element_type=\"widget\" data-e-type=\"widget\" data-widget_type=\"button.default\">\n\t\t\t\t\t\t\t\t\t\t<a class=\"elementor-button elementor-button-link elementor-size-sm\" href=\"https:\/\/bookings.zenchef.com\/results?rid=361180&#038;pid=1001\">\n\t\t\t\t\t\t<span class=\"elementor-button-content-wrapper\">\n\t\t\t\t\t\t\t\t\t<span class=\"elementor-button-text\">BOOK NOW<\/span>\n\t\t\t\t\t<\/span>\n\t\t\t\t\t<\/a>\n\t\t\t\t\t\t\t\t<\/div>\n\t\t\t\t<div class=\"elementor-element elementor-element-648ac56 elementor-align-justify elementor-widget elementor-widget-button\" data-id=\"648ac56\" data-element_type=\"widget\" data-e-type=\"widget\" data-widget_type=\"button.default\">\n\t\t\t\t\t\t\t\t\t\t<a class=\"elementor-button elementor-button-link elementor-size-sm\" href=\"https:\/\/letouring.fr\/en\/cafe-touring\/\">\n\t\t\t\t\t\t<span class=\"elementor-button-content-wrapper\">\n\t\t\t\t\t\t\t\t\t<span class=\"elementor-button-text\">EXPLORE<\/span>\n\t\t\t\t\t<\/span>\n\t\t\t\t\t<\/a>\n\t\t\t\t\t\t\t\t<\/div>\n\t\t\t\t<\/div>\n\t\t\t\t<\/div>\n\t\t<div class=\"elementor-element elementor-element-cb29580 e-con-full e-flex e-con e-child\" data-id=\"cb29580\" data-element_type=\"container\" data-e-type=\"container\" id=\"card-touring\" data-settings=\"{&quot;background_background&quot;:&quot;classic&quot;}\">\n\t\t<div class=\"elementor-element elementor-element-220bed1 e-con-full center-content e-flex e-con e-child\" data-id=\"220bed1\" data-element_type=\"container\" data-e-type=\"container\">\n\t\t\t\t<div class=\"elementor-element elementor-element-8907c8c logo-nami elementor-widget elementor-widget-image\" data-id=\"8907c8c\" data-element_type=\"widget\" data-e-type=\"widget\" data-widget_type=\"image.default\">\n\t\t\t\t\t\t\t\t\t\t\t\t\t\t\t<img decoding=\"async\" width=\"824\" height=\"624\" src=\"https:\/\/letouring.fr\/wp-content\/uploads\/2025\/08\/RING-BAR-VAL-2-2.png\" class=\"attachment-full size-full wp-image-2657\" alt=\"\" srcset=\"https:\/\/letouring.fr\/wp-content\/uploads\/2025\/08\/RING-BAR-VAL-2-2.png 824w, https:\/\/letouring.fr\/wp-content\/uploads\/2025\/08\/RING-BAR-VAL-2-2-300x227.png 300w, https:\/\/letouring.fr\/wp-content\/uploads\/2025\/08\/RING-BAR-VAL-2-2-768x582.png 768w\" sizes=\"(max-width: 824px) 100vw, 824px\" \/>\t\t\t\t\t\t\t\t\t\t\t\t\t\t\t<\/div>\n\t\t\t\t<div class=\"elementor-element elementor-element-9c23f86 subtitle elementor-widget elementor-widget-heading\" data-id=\"9c23f86\" data-element_type=\"widget\" data-e-type=\"widget\" data-widget_type=\"heading.default\">\n\t\t\t\t\t<h2 class=\"elementor-heading-title elementor-size-default\">COCKTAIL BAR &amp; ROOFTOP<\/h2>\t\t\t\t<\/div>\n\t\t\t\t<\/div>\n\t\t<div class=\"elementor-element elementor-element-51ee828 e-con-full cta-wrap e-flex e-con e-child\" data-id=\"51ee828\" data-element_type=\"container\" data-e-type=\"container\" data-settings=\"{&quot;position&quot;:&quot;absolute&quot;}\">\n\t\t\t\t<div class=\"elementor-element elementor-element-3eafc4c elementor-align-justify elementor-widget elementor-widget-button\" data-id=\"3eafc4c\" data-element_type=\"widget\" data-e-type=\"widget\" data-widget_type=\"button.default\">\n\t\t\t\t\t\t\t\t\t\t<a class=\"elementor-button elementor-button-link elementor-size-sm\" href=\"https:\/\/letouring.fr\/en\/ring-bar\/\">\n\t\t\t\t\t\t<span class=\"elementor-button-content-wrapper\">\n\t\t\t\t\t\t\t\t\t<span class=\"elementor-button-text\">EXPLORE<\/span>\n\t\t\t\t\t<\/span>\n\t\t\t\t\t<\/a>\n\t\t\t\t\t\t\t\t<\/div>\n\t\t\t\t<\/div>\n\t\t\t\t<\/div>\n\t\t\t\t<\/div>\n\t\t<div class=\"elementor-element elementor-element-079d7ec e-con-full elementor-hidden-desktop e-flex e-con e-child\" data-id=\"079d7ec\" data-element_type=\"container\" data-e-type=\"container\">\n\t\t<a class=\"elementor-element elementor-element-48e9b2d e-con-full e-flex e-con e-child\" data-id=\"48e9b2d\" data-element_type=\"container\" data-e-type=\"container\" data-settings=\"{&quot;background_background&quot;:&quot;classic&quot;}\" href=\"https:\/\/letouring.fr\/en\/nami\/\">\n\t\t<div class=\"elementor-element elementor-element-c3225dd e-con-full center-content e-flex e-con e-child\" data-id=\"c3225dd\" data-element_type=\"container\" data-e-type=\"container\">\n\t\t\t\t<div class=\"elementor-element elementor-element-2136a55 logo-nami elementor-widget elementor-widget-image\" data-id=\"2136a55\" data-element_type=\"widget\" data-e-type=\"widget\" data-widget_type=\"image.default\">\n\t\t\t\t\t\t\t\t\t\t\t\t\t\t\t<img fetchpriority=\"high\" decoding=\"async\" width=\"848\" height=\"696\" src=\"https:\/\/letouring.fr\/wp-content\/uploads\/2025\/08\/NAMI-VAL-2-1.png\" class=\"attachment-full size-full wp-image-2620\" alt=\"\" srcset=\"https:\/\/letouring.fr\/wp-content\/uploads\/2025\/08\/NAMI-VAL-2-1.png 848w, https:\/\/letouring.fr\/wp-content\/uploads\/2025\/08\/NAMI-VAL-2-1-300x246.png 300w, https:\/\/letouring.fr\/wp-content\/uploads\/2025\/08\/NAMI-VAL-2-1-768x630.png 768w\" sizes=\"(max-width: 848px) 100vw, 848px\" \/>\t\t\t\t\t\t\t\t\t\t\t\t\t\t\t<\/div>\n\t\t\t\t<div class=\"elementor-element elementor-element-78f3573 subtitle elementor-widget elementor-widget-heading\" data-id=\"78f3573\" data-element_type=\"widget\" data-e-type=\"widget\" data-widget_type=\"heading.default\">\n\t\t\t\t\t<h2 class=\"elementor-heading-title elementor-size-default\">JAPANESE CUISINE &amp; SUSHI BAR<\/h2>\t\t\t\t<\/div>\n\t\t\t\t<\/div>\n\t\t\t\t<\/a>\n\t\t<a class=\"elementor-element elementor-element-db58b2b e-con-full e-flex e-con e-child\" data-id=\"db58b2b\" data-element_type=\"container\" data-e-type=\"container\" data-settings=\"{&quot;background_background&quot;:&quot;classic&quot;}\" href=\"https:\/\/letouring.fr\/en\/cafe-touring\/\">\n\t\t<div class=\"elementor-element elementor-element-16f9b95 e-con-full center-content e-flex e-con e-child\" data-id=\"16f9b95\" data-element_type=\"container\" data-e-type=\"container\">\n\t\t\t\t<div class=\"elementor-element elementor-element-2832f7c logo-nami elementor-widget elementor-widget-image\" data-id=\"2832f7c\" data-element_type=\"widget\" data-e-type=\"widget\" data-widget_type=\"image.default\">\n\t\t\t\t\t\t\t\t\t\t\t\t\t\t\t<img decoding=\"async\" width=\"872\" height=\"600\" src=\"https:\/\/letouring.fr\/wp-content\/uploads\/2025\/08\/TOURING-VAL-2-2.png\" class=\"attachment-full size-full wp-image-2505\" alt=\"\" srcset=\"https:\/\/letouring.fr\/wp-content\/uploads\/2025\/08\/TOURING-VAL-2-2.png 872w, https:\/\/letouring.fr\/wp-content\/uploads\/2025\/08\/TOURING-VAL-2-2-300x206.png 300w, https:\/\/letouring.fr\/wp-content\/uploads\/2025\/08\/TOURING-VAL-2-2-768x528.png 768w\" sizes=\"(max-width: 872px) 100vw, 872px\" \/>\t\t\t\t\t\t\t\t\t\t\t\t\t\t\t<\/div>\n\t\t\t\t<div class=\"elementor-element elementor-element-d729f3d subtitle elementor-widget elementor-widget-heading\" data-id=\"d729f3d\" data-element_type=\"widget\" data-e-type=\"widget\" data-widget_type=\"heading.default\">\n\t\t\t\t\t<h2 class=\"elementor-heading-title elementor-size-default\">TRADITIONAL FRENCH CUISINE<\/h2>\t\t\t\t<\/div>\n\t\t\t\t<\/div>\n\t\t\t\t<\/a>\n\t\t<a class=\"elementor-element elementor-element-788367a e-con-full e-flex e-con e-child\" data-id=\"788367a\" data-element_type=\"container\" data-e-type=\"container\" data-settings=\"{&quot;background_background&quot;:&quot;classic&quot;}\" href=\"https:\/\/letouring.fr\/en\/ring-bar\/\">\n\t\t<div class=\"elementor-element elementor-element-34e1fe3 e-con-full center-content e-flex e-con e-child\" data-id=\"34e1fe3\" data-element_type=\"container\" data-e-type=\"container\">\n\t\t\t\t<div class=\"elementor-element elementor-element-f8f3016 logo-nami elementor-widget elementor-widget-image\" data-id=\"f8f3016\" data-element_type=\"widget\" data-e-type=\"widget\" data-widget_type=\"image.default\">\n\t\t\t\t\t\t\t\t\t\t\t\t\t\t\t<img decoding=\"async\" width=\"824\" height=\"624\" src=\"https:\/\/letouring.fr\/wp-content\/uploads\/2025\/08\/RING-BAR-VAL-2-2.png\" class=\"attachment-full size-full wp-image-2657\" alt=\"\" srcset=\"https:\/\/letouring.fr\/wp-content\/uploads\/2025\/08\/RING-BAR-VAL-2-2.png 824w, https:\/\/letouring.fr\/wp-content\/uploads\/2025\/08\/RING-BAR-VAL-2-2-300x227.png 300w, https:\/\/letouring.fr\/wp-content\/uploads\/2025\/08\/RING-BAR-VAL-2-2-768x582.png 768w\" sizes=\"(max-width: 824px) 100vw, 824px\" \/>\t\t\t\t\t\t\t\t\t\t\t\t\t\t\t<\/div>\n\t\t\t\t<div class=\"elementor-element elementor-element-f4b2c07 subtitle elementor-widget elementor-widget-heading\" data-id=\"f4b2c07\" data-element_type=\"widget\" data-e-type=\"widget\" data-widget_type=\"heading.default\">\n\t\t\t\t\t<h2 class=\"elementor-heading-title elementor-size-default\">COCKTAIL BAR &amp; ROOFTOP<\/h2>\t\t\t\t<\/div>\n\t\t\t\t<\/div>\n\t\t\t\t<\/a>\n\t\t\t\t<\/div>\n\t\t\t\t<\/div>\n\t\t\t\t<\/div>\n\t\t","protected":false},"excerpt":{"rendered":"<p>Our Restaurants Choose Your Ambiance JAPANESE CUISINE &amp; SUSHI BAR BOOK NOW EXPLORE TRADITIONAL FRENCH CUISINE BOOK NOW EXPLORE COCKTAIL BAR &amp; ROOFTOP EXPLORE JAPANESE CUISINE &amp; SUSHI BAR TRADITIONAL FRENCH CUISINE COCKTAIL BAR &amp; ROOFTOP<\/p>\n","protected":false},"author":2,"featured_media":0,"parent":0,"menu_order":0,"comment_status":"closed","ping_status":"closed","template":"elementor_header_footer","meta":{"footnotes":""},"class_list":["post-2654","page","type-page","status-publish","hentry"],"yoast_head":"<!-- This site is optimized with the Yoast SEO plugin v27.3 - https:\/\/yoast.com\/product\/yoast-seo-wordpress\/ -->\n<title>Restaurants in Saint-Rapha\u00ebl | Le Touring H\u00f4tel<\/title>\n<meta name=\"description\" content=\"Discover Le Touring&#039;s Restaurants in Saint-Rapha\u00ebl: Japanese cuisine, French cuisine, and cocktails at the Ring Bar.\" \/>\n<meta name=\"robots\" content=\"index, follow, max-snippet:-1, max-image-preview:large, max-video-preview:-1\" \/>\n<link rel=\"canonical\" href=\"https:\/\/letouring.fr\/en\/restaurants\/\" \/>\n<meta property=\"og:locale\" content=\"en_US\" \/>\n<meta property=\"og:type\" content=\"article\" \/>\n<meta property=\"og:title\" content=\"Restaurants in Saint-Rapha\u00ebl | Le Touring H\u00f4tel\" \/>\n<meta property=\"og:description\" content=\"Discover Le Touring&#039;s Restaurants in Saint-Rapha\u00ebl: Japanese cuisine, French cuisine, and cocktails at the Ring Bar.\" \/>\n<meta property=\"og:url\" content=\"https:\/\/letouring.fr\/en\/restaurants\/\" \/>\n<meta property=\"og:site_name\" content=\"Le Touring Saint-Rapha\u00ebl\" \/>\n<meta property=\"article:modified_time\" content=\"2025-12-22T14:32:15+00:00\" \/>\n<meta property=\"og:image\" content=\"https:\/\/letouring.fr\/wp-content\/uploads\/2025\/08\/NAMI-VAL-2-1.png\" \/>\n\t<meta property=\"og:image:width\" content=\"848\" \/>\n\t<meta property=\"og:image:height\" content=\"696\" \/>\n\t<meta property=\"og:image:type\" content=\"image\/png\" \/>\n<meta name=\"twitter:card\" content=\"summary_large_image\" \/>\n<script type=\"application\/ld+json\" class=\"yoast-schema-graph\">{\"@context\":\"https:\\\/\\\/schema.org\",\"@graph\":[{\"@type\":\"WebPage\",\"@id\":\"https:\\\/\\\/letouring.fr\\\/en\\\/restaurants\\\/\",\"url\":\"https:\\\/\\\/letouring.fr\\\/en\\\/restaurants\\\/\",\"name\":\"Restaurants in Saint-Rapha\u00ebl | Le Touring H\u00f4tel\",\"isPartOf\":{\"@id\":\"https:\\\/\\\/letouring.fr\\\/en\\\/#website\"},\"primaryImageOfPage\":{\"@id\":\"https:\\\/\\\/letouring.fr\\\/en\\\/restaurants\\\/#primaryimage\"},\"image\":{\"@id\":\"https:\\\/\\\/letouring.fr\\\/en\\\/restaurants\\\/#primaryimage\"},\"thumbnailUrl\":\"https:\\\/\\\/letouring.fr\\\/wp-content\\\/uploads\\\/2025\\\/08\\\/NAMI-VAL-2-1.png\",\"datePublished\":\"2025-08-18T13:55:07+00:00\",\"dateModified\":\"2025-12-22T14:32:15+00:00\",\"description\":\"Discover Le Touring's Restaurants in Saint-Rapha\u00ebl: Japanese cuisine, French cuisine, and cocktails at the Ring Bar.\",\"breadcrumb\":{\"@id\":\"https:\\\/\\\/letouring.fr\\\/en\\\/restaurants\\\/#breadcrumb\"},\"inLanguage\":\"en-US\",\"potentialAction\":[{\"@type\":\"ReadAction\",\"target\":[\"https:\\\/\\\/letouring.fr\\\/en\\\/restaurants\\\/\"]}]},{\"@type\":\"ImageObject\",\"inLanguage\":\"en-US\",\"@id\":\"https:\\\/\\\/letouring.fr\\\/en\\\/restaurants\\\/#primaryimage\",\"url\":\"https:\\\/\\\/letouring.fr\\\/wp-content\\\/uploads\\\/2025\\\/08\\\/NAMI-VAL-2-1.png\",\"contentUrl\":\"https:\\\/\\\/letouring.fr\\\/wp-content\\\/uploads\\\/2025\\\/08\\\/NAMI-VAL-2-1.png\"},{\"@type\":\"BreadcrumbList\",\"@id\":\"https:\\\/\\\/letouring.fr\\\/en\\\/restaurants\\\/#breadcrumb\",\"itemListElement\":[{\"@type\":\"ListItem\",\"position\":1,\"name\":\"Accueil\",\"item\":\"https:\\\/\\\/letouring.fr\\\/en\\\/\"},{\"@type\":\"ListItem\",\"position\":2,\"name\":\"Restaurants\"}]},{\"@type\":\"WebSite\",\"@id\":\"https:\\\/\\\/letouring.fr\\\/en\\\/#website\",\"url\":\"https:\\\/\\\/letouring.fr\\\/en\\\/\",\"name\":\"Le Touring Saint-Rapha\u00ebl\",\"description\":\"Boutique-H\u00f4tel iconique \u00e0 Saint-Rapha\u00ebl depuis 1900\",\"potentialAction\":[{\"@type\":\"SearchAction\",\"target\":{\"@type\":\"EntryPoint\",\"urlTemplate\":\"https:\\\/\\\/letouring.fr\\\/en\\\/?s={search_term_string}\"},\"query-input\":{\"@type\":\"PropertyValueSpecification\",\"valueRequired\":true,\"valueName\":\"search_term_string\"}}],\"inLanguage\":\"en-US\"}]}<\/script>\n<!-- \/ Yoast SEO plugin. -->","yoast_head_json":{"title":"Restaurants in Saint-Rapha\u00ebl | Le Touring H\u00f4tel","description":"Discover Le Touring's Restaurants in Saint-Rapha\u00ebl: Japanese cuisine, French cuisine, and cocktails at the Ring Bar.","robots":{"index":"index","follow":"follow","max-snippet":"max-snippet:-1","max-image-preview":"max-image-preview:large","max-video-preview":"max-video-preview:-1"},"canonical":"https:\/\/letouring.fr\/en\/restaurants\/","og_locale":"en_US","og_type":"article","og_title":"Restaurants in Saint-Rapha\u00ebl | Le Touring H\u00f4tel","og_description":"Discover Le Touring's Restaurants in Saint-Rapha\u00ebl: Japanese cuisine, French cuisine, and cocktails at the Ring Bar.","og_url":"https:\/\/letouring.fr\/en\/restaurants\/","og_site_name":"Le Touring Saint-Rapha\u00ebl","article_modified_time":"2025-12-22T14:32:15+00:00","og_image":[{"width":848,"height":696,"url":"https:\/\/letouring.fr\/wp-content\/uploads\/2025\/08\/NAMI-VAL-2-1.png","type":"image\/png"}],"twitter_card":"summary_large_image","schema":{"@context":"https:\/\/schema.org","@graph":[{"@type":"WebPage","@id":"https:\/\/letouring.fr\/en\/restaurants\/","url":"https:\/\/letouring.fr\/en\/restaurants\/","name":"Restaurants in Saint-Rapha\u00ebl | Le Touring H\u00f4tel","isPartOf":{"@id":"https:\/\/letouring.fr\/en\/#website"},"primaryImageOfPage":{"@id":"https:\/\/letouring.fr\/en\/restaurants\/#primaryimage"},"image":{"@id":"https:\/\/letouring.fr\/en\/restaurants\/#primaryimage"},"thumbnailUrl":"https:\/\/letouring.fr\/wp-content\/uploads\/2025\/08\/NAMI-VAL-2-1.png","datePublished":"2025-08-18T13:55:07+00:00","dateModified":"2025-12-22T14:32:15+00:00","description":"Discover Le Touring's Restaurants in Saint-Rapha\u00ebl: Japanese cuisine, French cuisine, and cocktails at the Ring Bar.","breadcrumb":{"@id":"https:\/\/letouring.fr\/en\/restaurants\/#breadcrumb"},"inLanguage":"en-US","potentialAction":[{"@type":"ReadAction","target":["https:\/\/letouring.fr\/en\/restaurants\/"]}]},{"@type":"ImageObject","inLanguage":"en-US","@id":"https:\/\/letouring.fr\/en\/restaurants\/#primaryimage","url":"https:\/\/letouring.fr\/wp-content\/uploads\/2025\/08\/NAMI-VAL-2-1.png","contentUrl":"https:\/\/letouring.fr\/wp-content\/uploads\/2025\/08\/NAMI-VAL-2-1.png"},{"@type":"BreadcrumbList","@id":"https:\/\/letouring.fr\/en\/restaurants\/#breadcrumb","itemListElement":[{"@type":"ListItem","position":1,"name":"Accueil","item":"https:\/\/letouring.fr\/en\/"},{"@type":"ListItem","position":2,"name":"Restaurants"}]},{"@type":"WebSite","@id":"https:\/\/letouring.fr\/en\/#website","url":"https:\/\/letouring.fr\/en\/","name":"Le Touring Saint-Rapha\u00ebl","description":"Boutique-H\u00f4tel iconique \u00e0 Saint-Rapha\u00ebl depuis 1900","potentialAction":[{"@type":"SearchAction","target":{"@type":"EntryPoint","urlTemplate":"https:\/\/letouring.fr\/en\/?s={search_term_string}"},"query-input":{"@type":"PropertyValueSpecification","valueRequired":true,"valueName":"search_term_string"}}],"inLanguage":"en-US"}]}},"_links":{"self":[{"href":"https:\/\/letouring.fr\/en\/wp-json\/wp\/v2\/pages\/2654","targetHints":{"allow":["GET"]}}],"collection":[{"href":"https:\/\/letouring.fr\/en\/wp-json\/wp\/v2\/pages"}],"about":[{"href":"https:\/\/letouring.fr\/en\/wp-json\/wp\/v2\/types\/page"}],"author":[{"embeddable":true,"href":"https:\/\/letouring.fr\/en\/wp-json\/wp\/v2\/users\/2"}],"replies":[{"embeddable":true,"href":"https:\/\/letouring.fr\/en\/wp-json\/wp\/v2\/comments?post=2654"}],"version-history":[{"count":3,"href":"https:\/\/letouring.fr\/en\/wp-json\/wp\/v2\/pages\/2654\/revisions"}],"predecessor-version":[{"id":2687,"href":"https:\/\/letouring.fr\/en\/wp-json\/wp\/v2\/pages\/2654\/revisions\/2687"}],"wp:attachment":[{"href":"https:\/\/letouring.fr\/en\/wp-json\/wp\/v2\/media?parent=2654"}],"curies":[{"name":"wp","href":"https:\/\/api.w.org\/{rel}","templated":true}]}}