{"id":2538,"date":"2025-08-20T15:26:05","date_gmt":"2025-08-20T15:26:05","guid":{"rendered":"https:\/\/letouring.fr\/rooms-suites\/"},"modified":"2026-02-05T14:30:28","modified_gmt":"2026-02-05T14:30:28","slug":"rooms-suites","status":"publish","type":"page","link":"https:\/\/letouring.fr\/en\/rooms-suites\/","title":{"rendered":"Rooms &amp; Suites"},"content":{"rendered":"\t\t<div data-elementor-type=\"wp-page\" data-elementor-id=\"2538\" class=\"elementor elementor-2538 elementor-334\" data-elementor-post-type=\"page\">\n\t\t\t\t<div class=\"elementor-element elementor-element-2e15103 e-con-full e-flex e-con e-parent\" data-id=\"2e15103\" data-element_type=\"container\" data-e-type=\"container\">\n\t\t<div class=\"elementor-element elementor-element-b080181 e-con-full e-flex e-con e-child\" data-id=\"b080181\" data-element_type=\"container\" data-e-type=\"container\">\n\t\t<a class=\"elementor-element elementor-element-8f395e0 image-chambre e-flex e-con-boxed e-con e-child\" data-id=\"8f395e0\" data-element_type=\"container\" data-e-type=\"container\" data-settings=\"{&quot;background_background&quot;:&quot;classic&quot;}\" href=\"https:\/\/letouring.fr\/en\/club-room\/\">\n\t\t\t\t\t<div class=\"e-con-inner\">\n\t\t<div class=\"elementor-element elementor-element-cc80e3a e-con-full e-flex e-con e-child\" data-id=\"cc80e3a\" data-element_type=\"container\" data-e-type=\"container\">\n\t\t\t\t<div class=\"elementor-element elementor-element-c7811f7 elementor-widget elementor-widget-heading\" data-id=\"c7811f7\" data-element_type=\"widget\" data-e-type=\"widget\" data-widget_type=\"heading.default\">\n\t\t\t\t\t<h2 class=\"elementor-heading-title elementor-size-default\">Club Room<\/h2>\t\t\t\t<\/div>\n\t\t\t\t<div class=\"elementor-element elementor-element-b7c6081 elementor-widget elementor-widget-heading\" data-id=\"b7c6081\" data-element_type=\"widget\" data-e-type=\"widget\" data-widget_type=\"heading.default\">\n\t\t\t\t\t<h2 class=\"elementor-heading-title elementor-size-default\">18 m\u00b2<\/h2>\t\t\t\t<\/div>\n\t\t\t\t<\/div>\n\t\t<div class=\"elementor-element elementor-element-ef78883 e-con-full e-flex e-con e-child\" data-id=\"ef78883\" data-element_type=\"container\" data-e-type=\"container\">\n\t\t\t\t<\/div>\n\t\t\t\t\t<\/div>\n\t\t\t\t<\/a>\n\t\t<a class=\"elementor-element elementor-element-ede7282 image-chambre e-flex e-con-boxed e-con e-child\" data-id=\"ede7282\" data-element_type=\"container\" data-e-type=\"container\" data-settings=\"{&quot;background_background&quot;:&quot;classic&quot;}\" href=\"https:\/\/letouring.fr\/en\/superior-room\/\">\n\t\t\t\t\t<div class=\"e-con-inner\">\n\t\t<div class=\"elementor-element elementor-element-f3d03e7 e-con-full e-flex e-con e-child\" data-id=\"f3d03e7\" data-element_type=\"container\" data-e-type=\"container\">\n\t\t\t\t<div class=\"elementor-element elementor-element-b20be55 elementor-widget elementor-widget-heading\" data-id=\"b20be55\" data-element_type=\"widget\" data-e-type=\"widget\" data-widget_type=\"heading.default\">\n\t\t\t\t\t<h2 class=\"elementor-heading-title elementor-size-default\">Superior Room<\/h2>\t\t\t\t<\/div>\n\t\t\t\t<div class=\"elementor-element elementor-element-edec1d5 elementor-widget elementor-widget-heading\" data-id=\"edec1d5\" data-element_type=\"widget\" data-e-type=\"widget\" data-widget_type=\"heading.default\">\n\t\t\t\t\t<h2 class=\"elementor-heading-title elementor-size-default\">24 m\u00b2<\/h2>\t\t\t\t<\/div>\n\t\t\t\t<\/div>\n\t\t<div class=\"elementor-element elementor-element-31f47cd e-con-full e-flex e-con e-child\" data-id=\"31f47cd\" data-element_type=\"container\" data-e-type=\"container\">\n\t\t\t\t<\/div>\n\t\t\t\t\t<\/div>\n\t\t\t\t<\/a>\n\t\t<a class=\"elementor-element elementor-element-53852cc image-chambre e-flex e-con-boxed e-con e-child\" data-id=\"53852cc\" data-element_type=\"container\" data-e-type=\"container\" data-settings=\"{&quot;background_background&quot;:&quot;classic&quot;}\" href=\"https:\/\/letouring.fr\/en\/deluxe-room\/\">\n\t\t\t\t\t<div class=\"e-con-inner\">\n\t\t<div class=\"elementor-element elementor-element-696da1e e-con-full e-flex e-con e-child\" data-id=\"696da1e\" data-element_type=\"container\" data-e-type=\"container\">\n\t\t\t\t<div class=\"elementor-element elementor-element-c9bebfe elementor-widget elementor-widget-heading\" data-id=\"c9bebfe\" data-element_type=\"widget\" data-e-type=\"widget\" data-widget_type=\"heading.default\">\n\t\t\t\t\t<h2 class=\"elementor-heading-title elementor-size-default\">Deluxe Room<\/h2>\t\t\t\t<\/div>\n\t\t\t\t<div class=\"elementor-element elementor-element-ab04301 elementor-widget elementor-widget-heading\" data-id=\"ab04301\" data-element_type=\"widget\" data-e-type=\"widget\" data-widget_type=\"heading.default\">\n\t\t\t\t\t<h2 class=\"elementor-heading-title elementor-size-default\">27 m\u00b2<\/h2>\t\t\t\t<\/div>\n\t\t\t\t<\/div>\n\t\t<div class=\"elementor-element elementor-element-015a08c e-con-full e-flex e-con e-child\" data-id=\"015a08c\" data-element_type=\"container\" data-e-type=\"container\">\n\t\t\t\t<\/div>\n\t\t\t\t\t<\/div>\n\t\t\t\t<\/a>\n\t\t\t\t<\/div>\n\t\t<div class=\"elementor-element elementor-element-5e45a5a e-con-full e-flex e-con e-child\" data-id=\"5e45a5a\" data-element_type=\"container\" data-e-type=\"container\">\n\t\t<a class=\"elementor-element elementor-element-429bedc image-chambre e-flex e-con-boxed e-con e-child\" data-id=\"429bedc\" data-element_type=\"container\" data-e-type=\"container\" data-settings=\"{&quot;background_background&quot;:&quot;classic&quot;}\" href=\"https:\/\/letouring.fr\/en\/family-suite\/\">\n\t\t\t\t\t<div class=\"e-con-inner\">\n\t\t<div class=\"elementor-element elementor-element-03bfae3 e-con-full e-flex e-con e-child\" data-id=\"03bfae3\" data-element_type=\"container\" data-e-type=\"container\">\n\t\t\t\t<div class=\"elementor-element elementor-element-0d020a9 elementor-widget elementor-widget-heading\" data-id=\"0d020a9\" data-element_type=\"widget\" data-e-type=\"widget\" data-widget_type=\"heading.default\">\n\t\t\t\t\t<h2 class=\"elementor-heading-title elementor-size-default\">Family Suite<\/h2>\t\t\t\t<\/div>\n\t\t\t\t<div class=\"elementor-element elementor-element-d016ddb elementor-widget elementor-widget-heading\" data-id=\"d016ddb\" data-element_type=\"widget\" data-e-type=\"widget\" data-widget_type=\"heading.default\">\n\t\t\t\t\t<h2 class=\"elementor-heading-title elementor-size-default\">43 m\u00b2<\/h2>\t\t\t\t<\/div>\n\t\t\t\t<\/div>\n\t\t<div class=\"elementor-element elementor-element-7c19134 e-con-full e-flex e-con e-child\" data-id=\"7c19134\" data-element_type=\"container\" data-e-type=\"container\">\n\t\t\t\t<\/div>\n\t\t\t\t\t<\/div>\n\t\t\t\t<\/a>\n\t\t<a class=\"elementor-element elementor-element-f41d07b image-chambre e-flex e-con-boxed e-con e-child\" data-id=\"f41d07b\" data-element_type=\"container\" data-e-type=\"container\" data-settings=\"{&quot;background_background&quot;:&quot;classic&quot;}\" href=\"https:\/\/letouring.fr\/en\/deluxe-suite\/\">\n\t\t\t\t\t<div class=\"e-con-inner\">\n\t\t<div class=\"elementor-element elementor-element-f646b4a e-con-full e-flex e-con e-child\" data-id=\"f646b4a\" data-element_type=\"container\" data-e-type=\"container\">\n\t\t\t\t<div class=\"elementor-element elementor-element-36d1c66 elementor-widget elementor-widget-heading\" data-id=\"36d1c66\" data-element_type=\"widget\" data-e-type=\"widget\" data-widget_type=\"heading.default\">\n\t\t\t\t\t<h2 class=\"elementor-heading-title elementor-size-default\">Deluxe Suite<\/h2>\t\t\t\t<\/div>\n\t\t\t\t<div class=\"elementor-element elementor-element-c97d4a1 elementor-widget elementor-widget-heading\" data-id=\"c97d4a1\" data-element_type=\"widget\" data-e-type=\"widget\" data-widget_type=\"heading.default\">\n\t\t\t\t\t<h2 class=\"elementor-heading-title elementor-size-default\">44 m\u00b2<\/h2>\t\t\t\t<\/div>\n\t\t\t\t<\/div>\n\t\t<div class=\"elementor-element elementor-element-3378919 e-con-full e-flex e-con e-child\" data-id=\"3378919\" data-element_type=\"container\" data-e-type=\"container\">\n\t\t\t\t<\/div>\n\t\t\t\t\t<\/div>\n\t\t\t\t<\/a>\n\t\t\t\t<\/div>\n\t\t\t\t<\/div>\n\t\t\t\t<\/div>\n\t\t","protected":false},"excerpt":{"rendered":"<p>Club Room 18 m\u00b2 Superior Room 24 m\u00b2 Deluxe Room 27 m\u00b2 Family Suite 43 m\u00b2 Deluxe Suite 44 m\u00b2<\/p>\n","protected":false},"author":2,"featured_media":0,"parent":0,"menu_order":0,"comment_status":"closed","ping_status":"closed","template":"elementor_header_footer","meta":{"footnotes":""},"class_list":["post-2538","page","type-page","status-publish","hentry"],"yoast_head":"<!-- This site is optimized with the Yoast SEO plugin v27.3 - https:\/\/yoast.com\/product\/yoast-seo-wordpress\/ -->\n<title>Rooms &amp; Suites - Le Touring Saint-Rapha\u00ebl<\/title>\n<meta name=\"description\" content=\"Discover our Rooms &amp; Suites in Saint-Rapha\u00ebl, with sea view, for a comfortable stay in the heart of the French Riviera.\" \/>\n<meta name=\"robots\" content=\"index, follow, max-snippet:-1, max-image-preview:large, max-video-preview:-1\" \/>\n<link rel=\"canonical\" href=\"https:\/\/letouring.fr\/en\/rooms-suites\/\" \/>\n<meta property=\"og:locale\" content=\"en_US\" \/>\n<meta property=\"og:type\" content=\"article\" \/>\n<meta property=\"og:title\" content=\"Rooms &amp; Suites - Le Touring Saint-Rapha\u00ebl\" \/>\n<meta property=\"og:description\" content=\"Discover our Rooms &amp; Suites in Saint-Rapha\u00ebl, with sea view, for a comfortable stay in the heart of the French Riviera.\" \/>\n<meta property=\"og:url\" content=\"https:\/\/letouring.fr\/en\/rooms-suites\/\" \/>\n<meta property=\"og:site_name\" content=\"Le Touring Saint-Rapha\u00ebl\" \/>\n<meta property=\"article:modified_time\" content=\"2026-02-05T14:30:28+00:00\" \/>\n<meta name=\"twitter:card\" content=\"summary_large_image\" \/>\n<script type=\"application\/ld+json\" class=\"yoast-schema-graph\">{\"@context\":\"https:\\\/\\\/schema.org\",\"@graph\":[{\"@type\":\"WebPage\",\"@id\":\"https:\\\/\\\/letouring.fr\\\/en\\\/rooms-suites\\\/\",\"url\":\"https:\\\/\\\/letouring.fr\\\/en\\\/rooms-suites\\\/\",\"name\":\"Rooms &amp; Suites - Le Touring Saint-Rapha\u00ebl\",\"isPartOf\":{\"@id\":\"https:\\\/\\\/letouring.fr\\\/en\\\/#website\"},\"datePublished\":\"2025-08-20T15:26:05+00:00\",\"dateModified\":\"2026-02-05T14:30:28+00:00\",\"description\":\"Discover our Rooms & Suites in Saint-Rapha\u00ebl, with sea view, for a comfortable stay in the heart of the French Riviera.\",\"breadcrumb\":{\"@id\":\"https:\\\/\\\/letouring.fr\\\/en\\\/rooms-suites\\\/#breadcrumb\"},\"inLanguage\":\"en-US\",\"potentialAction\":[{\"@type\":\"ReadAction\",\"target\":[\"https:\\\/\\\/letouring.fr\\\/en\\\/rooms-suites\\\/\"]}]},{\"@type\":\"BreadcrumbList\",\"@id\":\"https:\\\/\\\/letouring.fr\\\/en\\\/rooms-suites\\\/#breadcrumb\",\"itemListElement\":[{\"@type\":\"ListItem\",\"position\":1,\"name\":\"Accueil\",\"item\":\"https:\\\/\\\/letouring.fr\\\/en\\\/\"},{\"@type\":\"ListItem\",\"position\":2,\"name\":\"Rooms &amp; Suites\"}]},{\"@type\":\"WebSite\",\"@id\":\"https:\\\/\\\/letouring.fr\\\/en\\\/#website\",\"url\":\"https:\\\/\\\/letouring.fr\\\/en\\\/\",\"name\":\"Le Touring Saint-Rapha\u00ebl\",\"description\":\"Boutique-H\u00f4tel iconique \u00e0 Saint-Rapha\u00ebl depuis 1900\",\"potentialAction\":[{\"@type\":\"SearchAction\",\"target\":{\"@type\":\"EntryPoint\",\"urlTemplate\":\"https:\\\/\\\/letouring.fr\\\/en\\\/?s={search_term_string}\"},\"query-input\":{\"@type\":\"PropertyValueSpecification\",\"valueRequired\":true,\"valueName\":\"search_term_string\"}}],\"inLanguage\":\"en-US\"}]}<\/script>\n<!-- \/ Yoast SEO plugin. -->","yoast_head_json":{"title":"Rooms &amp; Suites - Le Touring Saint-Rapha\u00ebl","description":"Discover our Rooms & Suites in Saint-Rapha\u00ebl, with sea view, for a comfortable stay in the heart of the French Riviera.","robots":{"index":"index","follow":"follow","max-snippet":"max-snippet:-1","max-image-preview":"max-image-preview:large","max-video-preview":"max-video-preview:-1"},"canonical":"https:\/\/letouring.fr\/en\/rooms-suites\/","og_locale":"en_US","og_type":"article","og_title":"Rooms &amp; Suites - Le Touring Saint-Rapha\u00ebl","og_description":"Discover our Rooms & Suites in Saint-Rapha\u00ebl, with sea view, for a comfortable stay in the heart of the French Riviera.","og_url":"https:\/\/letouring.fr\/en\/rooms-suites\/","og_site_name":"Le Touring Saint-Rapha\u00ebl","article_modified_time":"2026-02-05T14:30:28+00:00","twitter_card":"summary_large_image","schema":{"@context":"https:\/\/schema.org","@graph":[{"@type":"WebPage","@id":"https:\/\/letouring.fr\/en\/rooms-suites\/","url":"https:\/\/letouring.fr\/en\/rooms-suites\/","name":"Rooms &amp; Suites - Le Touring Saint-Rapha\u00ebl","isPartOf":{"@id":"https:\/\/letouring.fr\/en\/#website"},"datePublished":"2025-08-20T15:26:05+00:00","dateModified":"2026-02-05T14:30:28+00:00","description":"Discover our Rooms & Suites in Saint-Rapha\u00ebl, with sea view, for a comfortable stay in the heart of the French Riviera.","breadcrumb":{"@id":"https:\/\/letouring.fr\/en\/rooms-suites\/#breadcrumb"},"inLanguage":"en-US","potentialAction":[{"@type":"ReadAction","target":["https:\/\/letouring.fr\/en\/rooms-suites\/"]}]},{"@type":"BreadcrumbList","@id":"https:\/\/letouring.fr\/en\/rooms-suites\/#breadcrumb","itemListElement":[{"@type":"ListItem","position":1,"name":"Accueil","item":"https:\/\/letouring.fr\/en\/"},{"@type":"ListItem","position":2,"name":"Rooms &amp; Suites"}]},{"@type":"WebSite","@id":"https:\/\/letouring.fr\/en\/#website","url":"https:\/\/letouring.fr\/en\/","name":"Le Touring Saint-Rapha\u00ebl","description":"Boutique-H\u00f4tel iconique \u00e0 Saint-Rapha\u00ebl depuis 1900","potentialAction":[{"@type":"SearchAction","target":{"@type":"EntryPoint","urlTemplate":"https:\/\/letouring.fr\/en\/?s={search_term_string}"},"query-input":{"@type":"PropertyValueSpecification","valueRequired":true,"valueName":"search_term_string"}}],"inLanguage":"en-US"}]}},"_links":{"self":[{"href":"https:\/\/letouring.fr\/en\/wp-json\/wp\/v2\/pages\/2538","targetHints":{"allow":["GET"]}}],"collection":[{"href":"https:\/\/letouring.fr\/en\/wp-json\/wp\/v2\/pages"}],"about":[{"href":"https:\/\/letouring.fr\/en\/wp-json\/wp\/v2\/types\/page"}],"author":[{"embeddable":true,"href":"https:\/\/letouring.fr\/en\/wp-json\/wp\/v2\/users\/2"}],"replies":[{"embeddable":true,"href":"https:\/\/letouring.fr\/en\/wp-json\/wp\/v2\/comments?post=2538"}],"version-history":[{"count":5,"href":"https:\/\/letouring.fr\/en\/wp-json\/wp\/v2\/pages\/2538\/revisions"}],"predecessor-version":[{"id":3242,"href":"https:\/\/letouring.fr\/en\/wp-json\/wp\/v2\/pages\/2538\/revisions\/3242"}],"wp:attachment":[{"href":"https:\/\/letouring.fr\/en\/wp-json\/wp\/v2\/media?parent=2538"}],"curies":[{"name":"wp","href":"https:\/\/api.w.org\/{rel}","templated":true}]}}